{"id":73,"date":"2015-09-11T09:22:02","date_gmt":"2015-09-11T09:22:02","guid":{"rendered":"http:\/\/vladymix.es\/?page_id=73"},"modified":"2019-06-13T08:13:44","modified_gmt":"2019-06-13T08:13:44","slug":"mis-aplicaciones","status":"publish","type":"page","link":"https:\/\/vladymix.es\/wordpress\/index.php\/mis-aplicaciones\/","title":{"rendered":"Mis aplicaciones"},"content":{"rendered":"\n<h2><img loading=\"lazy\" decoding=\"async\" class=\"alignnone wp-image-5\" src=\"http:\/\/vladymix.es\/wp-content\/uploads\/2015\/09\/menu_windows.png\" alt=\"menu_windows\" width=\"28\" height=\"28\">&nbsp; Windows Store &#8211; Windows Phone&nbsp;<img loading=\"lazy\" decoding=\"async\" class=\"alignnone wp-image-5\" src=\"http:\/\/vladymix.es\/wp-content\/uploads\/2015\/09\/menu_windows.png\" alt=\"menu_windows\" width=\"30\" height=\"30\"><\/h2>\n<section>\n<div class=\"item-app\">\n<h4>EMT Horarios<\/h4>\n<p><img loading=\"lazy\" decoding=\"async\" class=\"wp-image-74 alignnone\" src=\"http:\/\/vladymix.es\/wp-content\/uploads\/2015\/09\/558emthorarios-300x300.png\" alt=\"EMT Horarios Logo\" width=\"146\" height=\"146\"><br>Con esta aplicaci\u00f3n tendr\u00e1s la informaci\u00f3n de la EMT Madrid, de los horarios y rutas de autobuses, pudiendo as\u00ed planificar y organizar tus salidas por Madrid<\/p>\n<p><a href=\"https:\/\/goo.gl\/6NyUgk\"><img loading=\"lazy\" decoding=\"async\" class=\"alignnone wp-image-203\" title=\"emt horarios\" src=\"http:\/\/vladymix.es\/wp-content\/uploads\/2015\/09\/Spanish_get-it-from-MS_InvariantCulture_Default-300x108.png\" alt=\"emt horarios\" width=\"175\" height=\"63\"><\/a><\/p>\n<\/div>\n<div class=\"item-app\">\n<h4>Contrase\u00f1as de acceso<\/h4>\n<p><img loading=\"lazy\" decoding=\"async\" class=\"alignnone wp-image-76\" src=\"http:\/\/vladymix.es\/wp-content\/uploads\/2015\/09\/558pass-300x300.png\" alt=\"558pass\" width=\"149\" height=\"149\"><br>Organiza tus contrase\u00f1as en una sola aplicaci\u00f3n, hoy en d\u00eda tenemos muchos sitios donde ponemos un usuario y una contrase\u00f1a, para ello esta aplicaci\u00f3n te ayudara en el d\u00eda a d\u00eda<br>*Puedes sincronizar con onedrive y as\u00ed tener tus contrase\u00f1as cualquier dispositivo<br>* Limite de intentos<br>* Pol\u00edtica de privacidad<br>* Metodo debloqueo Knock<\/p>\n<\/div>\n<p><a href=\"https:\/\/goo.gl\/c5ifuP\"><img loading=\"lazy\" decoding=\"async\" class=\"alignnone wp-image-203\" title=\"emt horarios\" src=\"http:\/\/vladymix.es\/wp-content\/uploads\/2015\/09\/Spanish_get-it-from-MS_InvariantCulture_Default-300x108.png\" alt=\"emt horarios\" width=\"175\" height=\"63\"><\/a><\/p>\n<div class=\"item-app\">\n<h4>Facturacion<\/h4>\n<p><img loading=\"lazy\" decoding=\"async\" class=\"alignnone wp-image-75\" src=\"http:\/\/vladymix.es\/wp-content\/uploads\/2015\/09\/558facturas.png\" alt=\"558facturas\" width=\"142\" height=\"142\"><br>Con esta aplicaci\u00f3n podr\u00e1 controlar su negocio, permitiendo emitir facturas al instante y controlando las ventas de sus clientes de una forma r\u00e1pida y sencilla. Podr\u00e1 emitir presupuestos y convertirlos a facturas en cualquier momento<\/p>\n<\/div>\n<p><a href=\"https:\/\/goo.gl\/yHtxD4\"><img loading=\"lazy\" decoding=\"async\" class=\"alignnone wp-image-203\" title=\"emt horarios\" src=\"http:\/\/vladymix.es\/wp-content\/uploads\/2015\/09\/Spanish_get-it-from-MS_InvariantCulture_Default-300x108.png\" alt=\"emt horarios\" width=\"175\" height=\"63\"><\/a><\/p>\n<p>&nbsp;<\/p>\n<\/section>\n<h2 class=\"color_android\"><span style=\"color: #008000;\"> <img loading=\"lazy\" decoding=\"async\" class=\"alignnone wp-image-82\" src=\"http:\/\/vladymix.es\/wp-content\/uploads\/2015\/09\/android_icon_256.png\" alt=\"android_icon_256\" width=\"29\" height=\"29\"><span style=\"color: #99cc00;\">&nbsp;<\/span><span style=\"color: #00ff00;\"><span style=\"color: #99cc00;\">Android&nbsp;<\/span>&nbsp;<\/span><\/span><img loading=\"lazy\" decoding=\"async\" class=\"wp-image-82 alignnone\" src=\"http:\/\/vladymix.es\/wp-content\/uploads\/2015\/09\/android_icon_256.png\" alt=\"android_icon_256\" width=\"29\" height=\"29\"><\/h2>\n<section>\n<div class=\"item-app\">\n<h4>EMT Horarios<\/h4>\n<p><img loading=\"lazy\" decoding=\"async\" class=\"alignnone wp-image-77\" src=\"http:\/\/vladymix.es\/wp-content\/uploads\/2015\/09\/icono_emt_horarios-300x300.png\" alt=\"icono_emt_horarios\" width=\"150\" height=\"150\"><br>Controla los tiempos de llegada de los autobuses de la EMT Madrid<\/p>\n<p><a href=\"https:\/\/goo.gl\/IAxNHj\" target=\"_blank\" rel=\"noopener noreferrer\"><img loading=\"lazy\" decoding=\"async\" class=\"alignnone wp-image-198\" src=\"http:\/\/vladymix.es\/wp-content\/uploads\/2015\/09\/Get_it_on_Google_play-300x88.png\" alt=\"get_it_on_google_play\" width=\"181\" height=\"58\"><\/a><\/p>\n<p>&nbsp;<\/p>\n<\/div>\n<\/section>\n\n<iframe loading=\"lazy\" width=\"600\" height=\"600\" src=\"https:\/\/apiservice.vladymix.es\/\"><\/iframe>\n","protected":false},"excerpt":{"rendered":"<p>&nbsp; Windows Store &#8211; Windows Phone&nbsp; EMT Horarios Con esta aplicaci\u00f3n tendr\u00e1s la informaci\u00f3n de la EMT Madrid, de los&hellip;<\/p>\n","protected":false},"author":1,"featured_media":0,"parent":0,"menu_order":0,"comment_status":"closed","ping_status":"closed","template":"","meta":{"footnotes":""},"class_list":["post-73","page","type-page","status-publish","hentry"],"_links":{"self":[{"href":"https:\/\/vladymix.es\/wordpress\/index.php\/wp-json\/wp\/v2\/pages\/73","targetHints":{"allow":["GET"]}}],"collection":[{"href":"https:\/\/vladymix.es\/wordpress\/index.php\/wp-json\/wp\/v2\/pages"}],"about":[{"href":"https:\/\/vladymix.es\/wordpress\/index.php\/wp-json\/wp\/v2\/types\/page"}],"author":[{"embeddable":true,"href":"https:\/\/vladymix.es\/wordpress\/index.php\/wp-json\/wp\/v2\/users\/1"}],"replies":[{"embeddable":true,"href":"https:\/\/vladymix.es\/wordpress\/index.php\/wp-json\/wp\/v2\/comments?post=73"}],"version-history":[{"count":23,"href":"https:\/\/vladymix.es\/wordpress\/index.php\/wp-json\/wp\/v2\/pages\/73\/revisions"}],"predecessor-version":[{"id":278,"href":"https:\/\/vladymix.es\/wordpress\/index.php\/wp-json\/wp\/v2\/pages\/73\/revisions\/278"}],"wp:attachment":[{"href":"https:\/\/vladymix.es\/wordpress\/index.php\/wp-json\/wp\/v2\/media?parent=73"}],"curies":[{"name":"wp","href":"https:\/\/api.w.org\/{rel}","templated":true}]}}